{"id":63,"date":"2020-05-10T18:40:18","date_gmt":"2020-05-10T21:40:18","guid":{"rendered":"http:\/\/durante.com.ar\/wordpress\/index.php\/hestia-front\/"},"modified":"2020-06-13T21:23:57","modified_gmt":"2020-06-14T00:23:57","slug":"hestia-front","status":"publish","type":"page","link":"http:\/\/durante.com.ar\/","title":{"rendered":"Acerca de Nosotros"},"content":{"rendered":"\n<h1 class=\"has-text-align-center\">Divisi\u00f3n Ca\u00f1os<\/h1>\n\n\n\n<div class=\"wp-block-media-text alignwide is-stacked-on-mobile\"><figure class=\"wp-block-media-text__media\"><img loading=\"lazy\" width=\"768\" height=\"1024\" src=\"http:\/\/durante.com.ar\/wordpress\/wp-content\/uploads\/2020\/05\/WhatsApp-Image-2020-05-11-at-14.49.10-1-768x1024.jpeg\" alt=\"\" class=\"wp-image-113\" srcset=\"http:\/\/durante.com.ar\/wp-content\/uploads\/2020\/05\/WhatsApp-Image-2020-05-11-at-14.49.10-1-768x1024.jpeg 768w, http:\/\/durante.com.ar\/wp-content\/uploads\/2020\/05\/WhatsApp-Image-2020-05-11-at-14.49.10-1-225x300.jpeg 225w, http:\/\/durante.com.ar\/wp-content\/uploads\/2020\/05\/WhatsApp-Image-2020-05-11-at-14.49.10-1.jpeg 960w\" sizes=\"(max-width: 768px) 100vw, 768px\" \/><\/figure><div class=\"wp-block-media-text__content\">\n<p class=\"has-text-color has-medium-font-size has-foreground-color\">Somos una empresa con m\u00e1s de 60 a\u00f1os de experiencia en la fabricaci\u00f3n de ca\u00f1os de hormig\u00f3n, simples y armados.<\/p>\n\n\n\n<p class=\"has-text-color has-medium-font-size has-foreground-color\">Nuestros productos se destacan por su calidad y cumpliento de las normas requeridas en el mercado.&nbsp;<\/p>\n<\/div><\/div>\n\n\n\n<div class=\"wp-block-media-text alignwide has-media-on-the-right is-stacked-on-mobile\"><figure class=\"wp-block-media-text__media\"><img loading=\"lazy\" width=\"1024\" height=\"576\" src=\"http:\/\/durante.com.ar\/wordpress\/wp-content\/uploads\/2020\/05\/maxresdefault.jpg\" alt=\"\" class=\"wp-image-79\" srcset=\"http:\/\/durante.com.ar\/wp-content\/uploads\/2020\/05\/maxresdefault.jpg 1024w, http:\/\/durante.com.ar\/wp-content\/uploads\/2020\/05\/maxresdefault-300x169.jpg 300w, http:\/\/durante.com.ar\/wp-content\/uploads\/2020\/05\/maxresdefault-768x432.jpg 768w\" sizes=\"(max-width: 1024px) 100vw, 1024px\" \/><\/figure><div class=\"wp-block-media-text__content\">\n<p class=\"has-medium-font-size\">Nuestro producto se utiliza en todo tipo de obras de infraestructura hidr\u00e1ulica, sanitaria, de todo el territorio Argentino.<\/p>\n<\/div><\/div>\n\n\n\n<hr class=\"wp-block-separator\"\/>\n\n\n\n<h1 class=\"has-text-align-center\">Divisi\u00f3n Cer\u00e1micas y Grifer\u00edas<\/h1>\n\n\n\n<div class=\"wp-block-media-text alignwide is-stacked-on-mobile\"><figure class=\"wp-block-media-text__media\"><img loading=\"lazy\" width=\"700\" height=\"558\" src=\"http:\/\/durante.com.ar\/wordpress\/wp-content\/uploads\/2020\/05\/05-loza-sanitaria.jpg\" alt=\"\" class=\"wp-image-80\" srcset=\"http:\/\/durante.com.ar\/wp-content\/uploads\/2020\/05\/05-loza-sanitaria.jpg 700w, http:\/\/durante.com.ar\/wp-content\/uploads\/2020\/05\/05-loza-sanitaria-300x239.jpg 300w\" sizes=\"(max-width: 700px) 100vw, 700px\" \/><\/figure><div class=\"wp-block-media-text__content\">\n<p class=\"has-medium-font-size\">Tambien nos dedicamos a la distribuci\u00f3n y venta de cer\u00e1micos, losa y grifer\u00edas. Ofrecemos una gran variedad de art\u00edculos con los mejores precios del mercado.<\/p>\n<\/div><\/div>\n\n\n\n<div class=\"wp-block-media-text alignwide has-media-on-the-right is-stacked-on-mobile\"><figure class=\"wp-block-media-text__media\"><img loading=\"lazy\" width=\"567\" height=\"567\" src=\"http:\/\/durante.com.ar\/wordpress\/wp-content\/uploads\/2020\/05\/ceramicas-rojo-2-g.jpg\" alt=\"\" class=\"wp-image-81\" srcset=\"http:\/\/durante.com.ar\/wp-content\/uploads\/2020\/05\/ceramicas-rojo-2-g.jpg 567w, http:\/\/durante.com.ar\/wp-content\/uploads\/2020\/05\/ceramicas-rojo-2-g-300x300.jpg 300w, http:\/\/durante.com.ar\/wp-content\/uploads\/2020\/05\/ceramicas-rojo-2-g-150x150.jpg 150w\" sizes=\"(max-width: 567px) 100vw, 567px\" \/><\/figure><div class=\"wp-block-media-text__content\">\n<p class=\"has-medium-font-size\">Para recibir atenci\u00f3n personalizada y conocer nuestra variedad de productos visitanos en nuestro local.<\/p>\n<\/div><\/div>\n\n\n\n<p><\/p>\n","protected":false},"excerpt":{"rendered":"<p>Divisi\u00f3n Ca\u00f1os Somos una empresa con m\u00e1s de 60 a\u00f1os de experiencia en la fabricaci\u00f3n de ca\u00f1os de hormig\u00f3n, simples y armados. Nuestros productos se destacan por su calidad y cumpliento de las normas requeridas en el mercado.&nbsp; Nuestro producto se utiliza en todo tipo de obras de infraestructura hidr\u00e1ulica, sanitaria, de todo el territorio &hellip; <a href=\"http:\/\/durante.com.ar\/\" class=\"more-link\">Continue reading <span class=\"screen-reader-text\">Acerca de Nosotros<\/span><\/a><\/p>\n","protected":false},"author":1,"featured_media":0,"parent":0,"menu_order":0,"comment_status":"closed","ping_status":"closed","template":"","meta":[],"_links":{"self":[{"href":"http:\/\/durante.com.ar\/index.php\/wp-json\/wp\/v2\/pages\/63"}],"collection":[{"href":"http:\/\/durante.com.ar\/index.php\/wp-json\/wp\/v2\/pages"}],"about":[{"href":"http:\/\/durante.com.ar\/index.php\/wp-json\/wp\/v2\/types\/page"}],"author":[{"embeddable":true,"href":"http:\/\/durante.com.ar\/index.php\/wp-json\/wp\/v2\/users\/1"}],"replies":[{"embeddable":true,"href":"http:\/\/durante.com.ar\/index.php\/wp-json\/wp\/v2\/comments?post=63"}],"version-history":[{"count":6,"href":"http:\/\/durante.com.ar\/index.php\/wp-json\/wp\/v2\/pages\/63\/revisions"}],"predecessor-version":[{"id":209,"href":"http:\/\/durante.com.ar\/index.php\/wp-json\/wp\/v2\/pages\/63\/revisions\/209"}],"wp:attachment":[{"href":"http:\/\/durante.com.ar\/index.php\/wp-json\/wp\/v2\/media?parent=63"}],"curies":[{"name":"wp","href":"https:\/\/api.w.org\/{rel}","templated":true}]}}